{"id":32,"date":"2023-08-06T14:23:25","date_gmt":"2023-08-06T14:23:25","guid":{"rendered":"https:\/\/www.webcoretic.com\/?page_id=32"},"modified":"2025-07-01T19:49:10","modified_gmt":"2025-07-01T19:49:10","slug":"aplicaciones-disponibles","status":"publish","type":"page","link":"https:\/\/www.webcoretic.com\/?page_id=32","title":{"rendered":"\u00bfQu\u00e9 ofrecemos?"},"content":{"rendered":"\n<p class=\"has-medium-font-size\"><strong>Aplicaciones Web desarrolladas:<\/strong><\/p>\n\n\n\n<ul class=\"wp-block-list\">\n<li><strong><a href=\"https:\/\/www.webcoretic.com\/?page_id=58\">SIGEA<\/a>:<\/strong> Sistema de Gesti\u00f3n Escolar y Administrativa, que permite la gesti\u00f3n de:\n<ul class=\"wp-block-list\">\n<li>Convocatorias para el pre registro de aspirantes;<\/li>\n\n\n\n<li>Ex\u00e1menes de ingreso;<\/li>\n\n\n\n<li>Inscripciones y re inscripciones;<\/li>\n\n\n\n<li>Informaci\u00f3n de aspirantes, alumnos y personal de la instituci\u00f3n;<\/li>\n\n\n\n<li>Planes y Programas de Estudio;<\/li>\n\n\n\n<li>Calificaciones;<\/li>\n\n\n\n<li>Generaci\u00f3n de documentaci\u00f3n acad\u00e9mica;<\/li>\n\n\n\n<li>Indicadores escolares, acad\u00e9micos y administrativos para la toma de decisiones.<\/li>\n<\/ul>\n<\/li>\n\n\n\n<li><strong><a href=\"https:\/\/www.webcoretic.com\/?page_id=70\">eT\u00edtulos<\/a><\/strong>: gesti\u00f3n y registro de t\u00edtulos electr\u00f3nicos (de acuerdo a las especificaciones de la Direcci\u00f3n General de Profesiones).<\/li>\n<\/ul>\n\n\n\n<p class=\"has-medium-font-size\"><strong>Servicios \/ Consultor\u00edas:<\/strong><\/p>\n\n\n\n<ul class=\"wp-block-list\">\n<li>Desarrollo de aplicaciones web y m\u00f3viles a medida;<\/li>\n\n\n\n<li>Configuraci\u00f3n y despliegue de aplicaciones web (Windows \/ GNU Linux);<\/li>\n\n\n\n<li>Instalaci\u00f3n y configuraci\u00f3n de plataforma Moodle;<\/li>\n\n\n\n<li>Instalaci\u00f3n de configuraci\u00f3n de bases de datos (Oracle \/ Postgresql \/ MySQL \/ MariaDB);<\/li>\n\n\n\n<li>Desarrollo de cuadros de mando (dashboard) e inteligencia de negocios.<\/li>\n<\/ul>\n\n\n\n<p><\/p>\n\n\n\n<p><\/p>\n","protected":false},"excerpt":{"rendered":"<p>Aplicaciones Web desarrolladas: Servicios \/ Consultor\u00edas:<\/p>\n","protected":false},"author":1,"featured_media":0,"parent":0,"menu_order":0,"comment_status":"closed","ping_status":"closed","template":"","meta":{"footnotes":""},"class_list":["post-32","page","type-page","status-publish","hentry"],"_links":{"self":[{"href":"https:\/\/www.webcoretic.com\/index.php?rest_route=\/wp\/v2\/pages\/32","targetHints":{"allow":["GET"]}}],"collection":[{"href":"https:\/\/www.webcoretic.com\/index.php?rest_route=\/wp\/v2\/pages"}],"about":[{"href":"https:\/\/www.webcoretic.com\/index.php?rest_route=\/wp\/v2\/types\/page"}],"author":[{"embeddable":true,"href":"https:\/\/www.webcoretic.com\/index.php?rest_route=\/wp\/v2\/users\/1"}],"replies":[{"embeddable":true,"href":"https:\/\/www.webcoretic.com\/index.php?rest_route=%2Fwp%2Fv2%2Fcomments&post=32"}],"version-history":[{"count":7,"href":"https:\/\/www.webcoretic.com\/index.php?rest_route=\/wp\/v2\/pages\/32\/revisions"}],"predecessor-version":[{"id":72,"href":"https:\/\/www.webcoretic.com\/index.php?rest_route=\/wp\/v2\/pages\/32\/revisions\/72"}],"wp:attachment":[{"href":"https:\/\/www.webcoretic.com\/index.php?rest_route=%2Fwp%2Fv2%2Fmedia&parent=32"}],"curies":[{"name":"wp","href":"https:\/\/api.w.org\/{rel}","templated":true}]}}