{"id":49,"date":"2023-08-08T15:30:01","date_gmt":"2023-08-08T15:30:01","guid":{"rendered":"https:\/\/www.webcoretic.com\/?page_id=49"},"modified":"2025-07-02T23:05:33","modified_gmt":"2025-07-02T23:05:33","slug":"nuestros-clientes","status":"publish","type":"page","link":"https:\/\/www.webcoretic.com\/?page_id=49","title":{"rendered":"Nuestros Clientes"},"content":{"rendered":"\n<ul class=\"wp-block-list\">\n<li style=\"line-height:2.5\">Instituto Tecnol\u00f3gico Superior de Macuspana (Tabasco) <a rel=\"noreferrer noopener\" href=\"https:\/\/macuspana.tecnm.mx\/\" target=\"_blank\"><strong>Ir&#8230;<\/strong><\/a><\/li>\n\n\n\n<li style=\"line-height:2.5\">Instituto Tecnol\u00f3gico Superior de Santa Mar\u00eda del Oro (Durango) <a rel=\"noreferrer noopener\" href=\"https:\/\/www.itssmo.edu.mx\/\" target=\"_blank\"><strong>Ir&#8230;<\/strong><\/a><\/li>\n\n\n\n<li style=\"line-height:2.5\">Instituto Tecnol\u00f3gico Superior de Perote (Veracruz) <a rel=\"noreferrer noopener\" href=\"https:\/\/www.itsperote.edu.mx\/index\/\" target=\"_blank\"><strong>Ir&#8230;<\/strong><\/a><\/li>\n\n\n\n<li style=\"line-height:2.5\">Instituto Tecnol\u00f3gico Superior de la Costa Chica (Guerrero)<strong> <a rel=\"noreferrer noopener\" href=\"https:\/\/www.tscch.edu.mx\/\" target=\"_blank\">Ir&#8230;<\/a><\/strong><\/li>\n\n\n\n<li style=\"line-height:2.5\">Instituto Tecnol\u00f3gico Superior de Guasave (Sonora) <a rel=\"noreferrer noopener\" href=\"http:\/\/www.guasave.tecnm.mx\/\" target=\"_blank\"><strong>Ir&#8230;<\/strong><\/a><\/li>\n\n\n\n<li style=\"line-height:2.5\">Instituto Villator (Tabasco) <a rel=\"noreferrer noopener\" href=\"https:\/\/www.instituto-villator.mx\/moodle\/\" target=\"_blank\"><strong>Ir&#8230;<\/strong><\/a><\/li>\n\n\n\n<li>Colegio de Estudios Cient\u00edficos y Tecnol\u00f3gicos del Estado de Tlaxcala (Gesti\u00f3n de t\u00edtulos electr\u00f3nicos) <strong><a href=\"https:\/\/cecytlax.edu.mx\/\" target=\"_blank\" rel=\"noreferrer noopener\">Ir<\/a><\/strong><\/li>\n\n\n\n<li>Colegio de Estudios Cient\u00edficos y Tecnol\u00f3gicos del Estado de Quintana Roo (Gesti\u00f3n de t\u00edtulos electr\u00f3nicos) <strong><a href=\"https:\/\/cecyteqroo.edu.mx\/portal\/\" target=\"_blank\" rel=\"noreferrer noopener\">Ir<\/a><\/strong><\/li>\n<\/ul>\n\n\n\n<p><\/p>\n","protected":false},"excerpt":{"rendered":"","protected":false},"author":1,"featured_media":0,"parent":0,"menu_order":0,"comment_status":"closed","ping_status":"closed","template":"","meta":{"footnotes":""},"class_list":["post-49","page","type-page","status-publish","hentry"],"_links":{"self":[{"href":"https:\/\/www.webcoretic.com\/index.php?rest_route=\/wp\/v2\/pages\/49","targetHints":{"allow":["GET"]}}],"collection":[{"href":"https:\/\/www.webcoretic.com\/index.php?rest_route=\/wp\/v2\/pages"}],"about":[{"href":"https:\/\/www.webcoretic.com\/index.php?rest_route=\/wp\/v2\/types\/page"}],"author":[{"embeddable":true,"href":"https:\/\/www.webcoretic.com\/index.php?rest_route=\/wp\/v2\/users\/1"}],"replies":[{"embeddable":true,"href":"https:\/\/www.webcoretic.com\/index.php?rest_route=%2Fwp%2Fv2%2Fcomments&post=49"}],"version-history":[{"count":7,"href":"https:\/\/www.webcoretic.com\/index.php?rest_route=\/wp\/v2\/pages\/49\/revisions"}],"predecessor-version":[{"id":89,"href":"https:\/\/www.webcoretic.com\/index.php?rest_route=\/wp\/v2\/pages\/49\/revisions\/89"}],"wp:attachment":[{"href":"https:\/\/www.webcoretic.com\/index.php?rest_route=%2Fwp%2Fv2%2Fmedia&parent=49"}],"curies":[{"name":"wp","href":"https:\/\/api.w.org\/{rel}","templated":true}]}}