{"id":70,"date":"2025-07-01T19:48:21","date_gmt":"2025-07-01T19:48:21","guid":{"rendered":"https:\/\/www.webcoretic.com\/?page_id=70"},"modified":"2025-07-01T21:39:56","modified_gmt":"2025-07-01T21:39:56","slug":"gestion-de-titulos-electronicos","status":"publish","type":"page","link":"https:\/\/www.webcoretic.com\/?page_id=70","title":{"rendered":"Gesti\u00f3n de T\u00edtulos Electr\u00f3nicos"},"content":{"rendered":"\n<p><strong>eT\u00edtulos<\/strong> es una plataforma a trav\u00e9s de la cual podr\u00e1s gestionar y firmar electr\u00f3nicamente tus t\u00edtulos electr\u00f3nicos, esto conforme a los requerimientos y especificaciones establecidos por la <a href=\"https:\/\/www.sep.gob.mx\/es\/sep1\/sep1_Registro_de_Titulo_y_Ex_cedula\" target=\"_blank\" rel=\"noreferrer noopener\">Direcci\u00f3n General de Profesiones<\/a>.<\/p>\n\n\n\n<figure class=\"wp-block-image size-large\"><img loading=\"lazy\" decoding=\"async\" width=\"1024\" height=\"601\" src=\"https:\/\/www.webcoretic.com\/wp-content\/uploads\/2025\/07\/image-1024x601.png\" alt=\"\" class=\"wp-image-77\" srcset=\"https:\/\/www.webcoretic.com\/wp-content\/uploads\/2025\/07\/image-1024x601.png 1024w, https:\/\/www.webcoretic.com\/wp-content\/uploads\/2025\/07\/image-300x176.png 300w, https:\/\/www.webcoretic.com\/wp-content\/uploads\/2025\/07\/image-768x450.png 768w, https:\/\/www.webcoretic.com\/wp-content\/uploads\/2025\/07\/image.png 1415w\" sizes=\"auto, (max-width: 767px) 89vw, (max-width: 1000px) 54vw, (max-width: 1071px) 543px, 580px\" \/><figcaption class=\"wp-element-caption\">Para poder acceder a tu informaci\u00f3n, es necesario contar con un usuario y contrase\u00f1a, el cual es definido por la instituci\u00f3n.<\/figcaption><\/figure>\n\n\n\n<figure class=\"wp-block-image size-large\"><img loading=\"lazy\" decoding=\"async\" width=\"1024\" height=\"599\" src=\"https:\/\/www.webcoretic.com\/wp-content\/uploads\/2025\/07\/image-1-1024x599.png\" alt=\"\" class=\"wp-image-79\" srcset=\"https:\/\/www.webcoretic.com\/wp-content\/uploads\/2025\/07\/image-1-1024x599.png 1024w, https:\/\/www.webcoretic.com\/wp-content\/uploads\/2025\/07\/image-1-300x176.png 300w, https:\/\/www.webcoretic.com\/wp-content\/uploads\/2025\/07\/image-1-768x449.png 768w, https:\/\/www.webcoretic.com\/wp-content\/uploads\/2025\/07\/image-1.png 1427w\" sizes=\"auto, (max-width: 767px) 89vw, (max-width: 1000px) 54vw, (max-width: 1071px) 543px, 580px\" \/><figcaption class=\"wp-element-caption\">La gesti\u00f3n de t\u00edtulos es a trav\u00e9s de lotes, pudiendo cargar informaci\u00f3n a partir de una hoja de c\u00e1lculo como Excel o Numbers.<\/figcaption><\/figure>\n\n\n\n<figure class=\"wp-block-image size-large\"><img loading=\"lazy\" decoding=\"async\" width=\"1024\" height=\"629\" src=\"https:\/\/www.webcoretic.com\/wp-content\/uploads\/2025\/07\/image-2-1024x629.png\" alt=\"\" class=\"wp-image-81\" srcset=\"https:\/\/www.webcoretic.com\/wp-content\/uploads\/2025\/07\/image-2-1024x629.png 1024w, https:\/\/www.webcoretic.com\/wp-content\/uploads\/2025\/07\/image-2-300x184.png 300w, https:\/\/www.webcoretic.com\/wp-content\/uploads\/2025\/07\/image-2-768x472.png 768w, https:\/\/www.webcoretic.com\/wp-content\/uploads\/2025\/07\/image-2.png 1430w\" sizes=\"auto, (max-width: 767px) 89vw, (max-width: 1000px) 54vw, (max-width: 1071px) 543px, 580px\" \/><figcaption class=\"wp-element-caption\">Podr\u00e1s visualizar la informaci\u00f3n detallada de cada t\u00edtulo electr\u00f3nico.<\/figcaption><\/figure>\n\n\n\n<figure class=\"wp-block-image size-large\"><img loading=\"lazy\" decoding=\"async\" width=\"1024\" height=\"721\" src=\"https:\/\/www.webcoretic.com\/wp-content\/uploads\/2025\/07\/image-4-1024x721.png\" alt=\"\" class=\"wp-image-84\" srcset=\"https:\/\/www.webcoretic.com\/wp-content\/uploads\/2025\/07\/image-4-1024x721.png 1024w, https:\/\/www.webcoretic.com\/wp-content\/uploads\/2025\/07\/image-4-300x211.png 300w, https:\/\/www.webcoretic.com\/wp-content\/uploads\/2025\/07\/image-4-768x541.png 768w, https:\/\/www.webcoretic.com\/wp-content\/uploads\/2025\/07\/image-4.png 1423w\" sizes=\"auto, (max-width: 767px) 89vw, (max-width: 1000px) 54vw, (max-width: 1071px) 543px, 580px\" \/><figcaption class=\"wp-element-caption\">Generaci\u00f3n de versi\u00f3n impresa de forma individual o masiva.<\/figcaption><\/figure>\n","protected":false},"excerpt":{"rendered":"<p>eT\u00edtulos es una plataforma a trav\u00e9s de la cual podr\u00e1s gestionar y firmar electr\u00f3nicamente tus t\u00edtulos electr\u00f3nicos, esto conforme a los requerimientos y especificaciones establecidos por la Direcci\u00f3n General de Profesiones.<\/p>\n","protected":false},"author":1,"featured_media":0,"parent":0,"menu_order":0,"comment_status":"closed","ping_status":"closed","template":"","meta":{"footnotes":""},"class_list":["post-70","page","type-page","status-publish","hentry"],"_links":{"self":[{"href":"https:\/\/www.webcoretic.com\/index.php?rest_route=\/wp\/v2\/pages\/70","targetHints":{"allow":["GET"]}}],"collection":[{"href":"https:\/\/www.webcoretic.com\/index.php?rest_route=\/wp\/v2\/pages"}],"about":[{"href":"https:\/\/www.webcoretic.com\/index.php?rest_route=\/wp\/v2\/types\/page"}],"author":[{"embeddable":true,"href":"https:\/\/www.webcoretic.com\/index.php?rest_route=\/wp\/v2\/users\/1"}],"replies":[{"embeddable":true,"href":"https:\/\/www.webcoretic.com\/index.php?rest_route=%2Fwp%2Fv2%2Fcomments&post=70"}],"version-history":[{"count":9,"href":"https:\/\/www.webcoretic.com\/index.php?rest_route=\/wp\/v2\/pages\/70\/revisions"}],"predecessor-version":[{"id":85,"href":"https:\/\/www.webcoretic.com\/index.php?rest_route=\/wp\/v2\/pages\/70\/revisions\/85"}],"wp:attachment":[{"href":"https:\/\/www.webcoretic.com\/index.php?rest_route=%2Fwp%2Fv2%2Fmedia&parent=70"}],"curies":[{"name":"wp","href":"https:\/\/api.w.org\/{rel}","templated":true}]}}